{"id":5422,"date":"2023-02-22T09:24:32","date_gmt":"2023-02-22T09:24:32","guid":{"rendered":"https:\/\/xn--mnnerchor-altschweier-51b.de\/?page_id=5422"},"modified":"2023-03-06T14:18:52","modified_gmt":"2023-03-06T14:18:52","slug":"jubilaeumskonzert-750-jahre-altschweier_2015-12-13","status":"publish","type":"page","link":"https:\/\/xn--mnnerchor-altschweier-51b.de\/index.php\/jubilaeumskonzert-750-jahre-altschweier_2015-12-13\/","title":{"rendered":"Jubil\u00e4umskonzert &#8211; 750 Jahre Altschweier_2015-12-13"},"content":{"rendered":"\t\t<div data-elementor-type=\"wp-page\" data-elementor-id=\"5422\" class=\"elementor elementor-5422\">\n\t\t\t\t<div class=\"elementor-element elementor-element-3518c0b6 e-flex e-con-boxed e-con e-parent\" data-id=\"3518c0b6\" data-element_type=\"container\">\n\t\t\t\t\t<div class=\"e-con-inner\">\n\t\t\t\t<div class=\"elementor-element elementor-element-692ffc14 elementor-widget elementor-widget-text-editor\" data-id=\"692ffc14\" data-element_type=\"widget\" data-widget_type=\"text-editor.default\">\n\t\t\t\t<div class=\"elementor-widget-container\">\n\t\t\t\t\t\t\t\t\t<p style=\"text-align: center;\"><span style=\"color: #000000;\"><strong>13.12.2015 Jubil\u00e4umskonzert 750 Jahre-Altschweier<\/strong><br \/>in St. Gallus mit dem \u201eMGV S\u00e4ngerbund Altschweier\u201c, <br \/>Walter Scholz (Trompete) und Winfried Enz (Orgel)<br \/>Sigisbert Laforsch (Moderation), Leitung Werner Falk<br \/>\u00a9 TI &#8211; Video <br \/><\/span><\/p>\t\t\t\t\t\t\t\t<\/div>\n\t\t\t\t<\/div>\n\t\t\t\t\t<\/div>\n\t\t\t\t<\/div>\n\t\t<div class=\"elementor-element elementor-element-ea9b1f6 e-flex e-con-boxed e-con e-parent\" data-id=\"ea9b1f6\" data-element_type=\"container\">\n\t\t\t\t\t<div class=\"e-con-inner\">\n\t\t\t\t<div class=\"elementor-element elementor-element-6a91c82 elementor-widget elementor-widget-text-editor\" data-id=\"6a91c82\" data-element_type=\"widget\" data-widget_type=\"text-editor.default\">\n\t\t\t\t<div class=\"elementor-widget-container\">\n\t\t\t\t\t\t\t\t\t<p><span style=\"color: #0000ff;\"><a style=\"color: #0000ff; text-decoration: underline;\" href=\"https:\/\/xn--mnnerchor-altschweier-51b.de\/wp-content\/uploads\/2023\/02\/2015-12-13_Jubilaeumskonzert_Programmheft.pdf\" target=\"_blank\" rel=\"noopener\">Programmheft<\/a><\/span><\/p>\t\t\t\t\t\t\t\t<\/div>\n\t\t\t\t<\/div>\n\t\t\t\t\t<\/div>\n\t\t\t\t<\/div>\n\t\t<div class=\"elementor-element elementor-element-be4bc5a e-flex e-con-boxed e-con e-parent\" data-id=\"be4bc5a\" data-element_type=\"container\">\n\t\t\t\t\t<div class=\"e-con-inner\">\n\t\t\t\t<div class=\"elementor-element elementor-element-2ce4cf2 elementor-widget elementor-widget-video\" data-id=\"2ce4cf2\" data-element_type=\"widget\" data-settings=\"{&quot;youtube_url&quot;:&quot;https:\\\/\\\/youtu.be\\\/QQx5-_tu84s&quot;,&quot;video_type&quot;:&quot;youtube&quot;,&quot;controls&quot;:&quot;yes&quot;}\" data-widget_type=\"video.default\">\n\t\t\t\t<div class=\"elementor-widget-container\">\n\t\t\t\t\t\t\t<div class=\"elementor-wrapper elementor-open-inline\">\n\t\t\t<div class=\"elementor-video\"><\/div>\t\t<\/div>\n\t\t\t\t\t\t<\/div>\n\t\t\t\t<\/div>\n\t\t\t\t\t<\/div>\n\t\t\t\t<\/div>\n\t\t<div class=\"elementor-element elementor-element-448f20e2 e-flex e-con-boxed e-con e-parent\" data-id=\"448f20e2\" data-element_type=\"container\">\n\t\t\t\t\t<div class=\"e-con-inner\">\n\t\t\t\t<div class=\"elementor-element elementor-element-79b506f2 elementor-view-default elementor-invisible elementor-widget elementor-widget-icon\" data-id=\"79b506f2\" data-element_type=\"widget\" data-settings=\"{&quot;_animation&quot;:&quot;bounce&quot;}\" data-widget_type=\"icon.default\">\n\t\t\t\t<div class=\"elementor-widget-container\">\n\t\t\t\t\t\t\t<div class=\"elementor-icon-wrapper\">\n\t\t\t<a class=\"elementor-icon\" href=\"https:\/\/m%C3%A4nnerchor-altschweier.de\/index.php\/bilder\/\">\n\t\t\t<svg aria-hidden=\"true\" class=\"e-font-icon-svg e-far-arrow-alt-circle-up\" viewBox=\"0 0 512 512\" xmlns=\"http:\/\/www.w3.org\/2000\/svg\"><path d=\"M256 504c137 0 248-111 248-248S393 8 256 8 8 119 8 256s111 248 248 248zm0-448c110.5 0 200 89.5 200 200s-89.5 200-200 200S56 366.5 56 256 145.5 56 256 56zm20 328h-40c-6.6 0-12-5.4-12-12V256h-67c-10.7 0-16-12.9-8.5-20.5l99-99c4.7-4.7 12.3-4.7 17 0l99 99c7.6 7.6 2.2 20.5-8.5 20.5h-67v116c0 6.6-5.4 12-12 12z\"><\/path><\/svg>\t\t\t<\/a>\n\t\t<\/div>\n\t\t\t\t\t\t<\/div>\n\t\t\t\t<\/div>\n\t\t\t\t\t<\/div>\n\t\t\t\t<\/div>\n\t\t\t\t<\/div>\n\t\t","protected":false},"excerpt":{"rendered":"<p>13.12.2015 Jubil\u00e4umskonzert 750 Jahre-Altschweierin St. Gallus mit dem \u201eMGV S\u00e4ngerbund Altschweier\u201c, Walter Scholz (Trompete) und Winfried Enz (Orgel)Sigisbert Laforsch (Moderation), Leitung Werner Falk\u00a9 TI &#8211; Video Programmheft https:\/\/youtu.be\/QQx5-_tu84s<\/p>\n","protected":false},"author":3,"featured_media":0,"parent":0,"menu_order":0,"comment_status":"closed","ping_status":"closed","template":"","meta":{"footnotes":""},"class_list":["post-5422","page","type-page","status-publish","hentry"],"yoast_head":"<!-- This site is optimized with the Yoast SEO plugin v27.3 - https:\/\/yoast.com\/product\/yoast-seo-wordpress\/ -->\n<title>Jubil\u00e4umskonzert - 750 Jahre Altschweier_2015-12-13 - M\u00e4nnerChor Altschweier e.V.<\/title>\n<meta name=\"robots\" content=\"index, follow, max-snippet:-1, max-image-preview:large, max-video-preview:-1\" \/>\n<link rel=\"canonical\" href=\"https:\/\/xn--mnnerchor-altschweier-51b.de\/index.php\/jubilaeumskonzert-750-jahre-altschweier_2015-12-13\/\" \/>\n<meta property=\"og:locale\" content=\"de_DE\" \/>\n<meta property=\"og:type\" content=\"article\" \/>\n<meta property=\"og:title\" content=\"Jubil\u00e4umskonzert - 750 Jahre Altschweier_2015-12-13 - M\u00e4nnerChor Altschweier e.V.\" \/>\n<meta property=\"og:description\" content=\"13.12.2015 Jubil\u00e4umskonzert 750 Jahre-Altschweierin St. Gallus mit dem \u201eMGV S\u00e4ngerbund Altschweier\u201c, Walter Scholz (Trompete) und Winfried Enz (Orgel)Sigisbert Laforsch (Moderation), Leitung Werner Falk\u00a9 TI &#8211; Video Programmheft https:\/\/youtu.be\/QQx5-_tu84s\" \/>\n<meta property=\"og:url\" content=\"https:\/\/xn--mnnerchor-altschweier-51b.de\/index.php\/jubilaeumskonzert-750-jahre-altschweier_2015-12-13\/\" \/>\n<meta property=\"og:site_name\" content=\"M\u00e4nnerChor Altschweier e.V.\" \/>\n<meta property=\"article:modified_time\" content=\"2023-03-06T14:18:52+00:00\" \/>\n<meta name=\"twitter:card\" content=\"summary_large_image\" \/>\n<meta name=\"twitter:label1\" content=\"Gesch\u00e4tzte Lesezeit\" \/>\n\t<meta name=\"twitter:data1\" content=\"1\u00a0Minute\" \/>\n<script type=\"application\/ld+json\" class=\"yoast-schema-graph\">{\"@context\":\"https:\\\/\\\/schema.org\",\"@graph\":[{\"@type\":\"WebPage\",\"@id\":\"https:\\\/\\\/xn--mnnerchor-altschweier-51b.de\\\/index.php\\\/jubilaeumskonzert-750-jahre-altschweier_2015-12-13\\\/\",\"url\":\"https:\\\/\\\/xn--mnnerchor-altschweier-51b.de\\\/index.php\\\/jubilaeumskonzert-750-jahre-altschweier_2015-12-13\\\/\",\"name\":\"Jubil\u00e4umskonzert - 750 Jahre Altschweier_2015-12-13 - M\u00e4nnerChor Altschweier e.V.\",\"isPartOf\":{\"@id\":\"https:\\\/\\\/xn--mnnerchor-altschweier-51b.de\\\/#website\"},\"datePublished\":\"2023-02-22T09:24:32+00:00\",\"dateModified\":\"2023-03-06T14:18:52+00:00\",\"breadcrumb\":{\"@id\":\"https:\\\/\\\/xn--mnnerchor-altschweier-51b.de\\\/index.php\\\/jubilaeumskonzert-750-jahre-altschweier_2015-12-13\\\/#breadcrumb\"},\"inLanguage\":\"de\",\"potentialAction\":[{\"@type\":\"ReadAction\",\"target\":[\"https:\\\/\\\/xn--mnnerchor-altschweier-51b.de\\\/index.php\\\/jubilaeumskonzert-750-jahre-altschweier_2015-12-13\\\/\"]}]},{\"@type\":\"BreadcrumbList\",\"@id\":\"https:\\\/\\\/xn--mnnerchor-altschweier-51b.de\\\/index.php\\\/jubilaeumskonzert-750-jahre-altschweier_2015-12-13\\\/#breadcrumb\",\"itemListElement\":[{\"@type\":\"ListItem\",\"position\":1,\"name\":\"Elementor #480\",\"item\":\"https:\\\/\\\/xn--mnnerchor-altschweier-51b.de\\\/\"},{\"@type\":\"ListItem\",\"position\":2,\"name\":\"Jubil\u00e4umskonzert &#8211; 750 Jahre Altschweier_2015-12-13\"}]},{\"@type\":\"WebSite\",\"@id\":\"https:\\\/\\\/xn--mnnerchor-altschweier-51b.de\\\/#website\",\"url\":\"https:\\\/\\\/xn--mnnerchor-altschweier-51b.de\\\/\",\"name\":\"M\u00e4nnerChor Altschweier e.V.\",\"description\":\"\",\"publisher\":{\"@id\":\"https:\\\/\\\/xn--mnnerchor-altschweier-51b.de\\\/#organization\"},\"potentialAction\":[{\"@type\":\"SearchAction\",\"target\":{\"@type\":\"EntryPoint\",\"urlTemplate\":\"https:\\\/\\\/xn--mnnerchor-altschweier-51b.de\\\/?s={search_term_string}\"},\"query-input\":{\"@type\":\"PropertyValueSpecification\",\"valueRequired\":true,\"valueName\":\"search_term_string\"}}],\"inLanguage\":\"de\"},{\"@type\":\"Organization\",\"@id\":\"https:\\\/\\\/xn--mnnerchor-altschweier-51b.de\\\/#organization\",\"name\":\"M\u00e4nnerChor Altschweier\",\"url\":\"https:\\\/\\\/xn--mnnerchor-altschweier-51b.de\\\/\",\"logo\":{\"@type\":\"ImageObject\",\"inLanguage\":\"de\",\"@id\":\"https:\\\/\\\/xn--mnnerchor-altschweier-51b.de\\\/#\\\/schema\\\/logo\\\/image\\\/\",\"url\":\"https:\\\/\\\/xn--mnnerchor-altschweier-51b.de\\\/wp-content\\\/uploads\\\/2022\\\/09\\\/HOMO-mit-Logo.jpg\",\"contentUrl\":\"https:\\\/\\\/xn--mnnerchor-altschweier-51b.de\\\/wp-content\\\/uploads\\\/2022\\\/09\\\/HOMO-mit-Logo.jpg\",\"width\":1740,\"height\":1926,\"caption\":\"M\u00e4nnerChor Altschweier\"},\"image\":{\"@id\":\"https:\\\/\\\/xn--mnnerchor-altschweier-51b.de\\\/#\\\/schema\\\/logo\\\/image\\\/\"}}]}<\/script>\n<!-- \/ Yoast SEO plugin. -->","yoast_head_json":{"title":"Jubil\u00e4umskonzert - 750 Jahre Altschweier_2015-12-13 - M\u00e4nnerChor Altschweier e.V.","robots":{"index":"index","follow":"follow","max-snippet":"max-snippet:-1","max-image-preview":"max-image-preview:large","max-video-preview":"max-video-preview:-1"},"canonical":"https:\/\/xn--mnnerchor-altschweier-51b.de\/index.php\/jubilaeumskonzert-750-jahre-altschweier_2015-12-13\/","og_locale":"de_DE","og_type":"article","og_title":"Jubil\u00e4umskonzert - 750 Jahre Altschweier_2015-12-13 - M\u00e4nnerChor Altschweier e.V.","og_description":"13.12.2015 Jubil\u00e4umskonzert 750 Jahre-Altschweierin St. Gallus mit dem \u201eMGV S\u00e4ngerbund Altschweier\u201c, Walter Scholz (Trompete) und Winfried Enz (Orgel)Sigisbert Laforsch (Moderation), Leitung Werner Falk\u00a9 TI &#8211; Video Programmheft https:\/\/youtu.be\/QQx5-_tu84s","og_url":"https:\/\/xn--mnnerchor-altschweier-51b.de\/index.php\/jubilaeumskonzert-750-jahre-altschweier_2015-12-13\/","og_site_name":"M\u00e4nnerChor Altschweier e.V.","article_modified_time":"2023-03-06T14:18:52+00:00","twitter_card":"summary_large_image","twitter_misc":{"Gesch\u00e4tzte Lesezeit":"1\u00a0Minute"},"schema":{"@context":"https:\/\/schema.org","@graph":[{"@type":"WebPage","@id":"https:\/\/xn--mnnerchor-altschweier-51b.de\/index.php\/jubilaeumskonzert-750-jahre-altschweier_2015-12-13\/","url":"https:\/\/xn--mnnerchor-altschweier-51b.de\/index.php\/jubilaeumskonzert-750-jahre-altschweier_2015-12-13\/","name":"Jubil\u00e4umskonzert - 750 Jahre Altschweier_2015-12-13 - M\u00e4nnerChor Altschweier e.V.","isPartOf":{"@id":"https:\/\/xn--mnnerchor-altschweier-51b.de\/#website"},"datePublished":"2023-02-22T09:24:32+00:00","dateModified":"2023-03-06T14:18:52+00:00","breadcrumb":{"@id":"https:\/\/xn--mnnerchor-altschweier-51b.de\/index.php\/jubilaeumskonzert-750-jahre-altschweier_2015-12-13\/#breadcrumb"},"inLanguage":"de","potentialAction":[{"@type":"ReadAction","target":["https:\/\/xn--mnnerchor-altschweier-51b.de\/index.php\/jubilaeumskonzert-750-jahre-altschweier_2015-12-13\/"]}]},{"@type":"BreadcrumbList","@id":"https:\/\/xn--mnnerchor-altschweier-51b.de\/index.php\/jubilaeumskonzert-750-jahre-altschweier_2015-12-13\/#breadcrumb","itemListElement":[{"@type":"ListItem","position":1,"name":"Elementor #480","item":"https:\/\/xn--mnnerchor-altschweier-51b.de\/"},{"@type":"ListItem","position":2,"name":"Jubil\u00e4umskonzert &#8211; 750 Jahre Altschweier_2015-12-13"}]},{"@type":"WebSite","@id":"https:\/\/xn--mnnerchor-altschweier-51b.de\/#website","url":"https:\/\/xn--mnnerchor-altschweier-51b.de\/","name":"M\u00e4nnerChor Altschweier e.V.","description":"","publisher":{"@id":"https:\/\/xn--mnnerchor-altschweier-51b.de\/#organization"},"potentialAction":[{"@type":"SearchAction","target":{"@type":"EntryPoint","urlTemplate":"https:\/\/xn--mnnerchor-altschweier-51b.de\/?s={search_term_string}"},"query-input":{"@type":"PropertyValueSpecification","valueRequired":true,"valueName":"search_term_string"}}],"inLanguage":"de"},{"@type":"Organization","@id":"https:\/\/xn--mnnerchor-altschweier-51b.de\/#organization","name":"M\u00e4nnerChor Altschweier","url":"https:\/\/xn--mnnerchor-altschweier-51b.de\/","logo":{"@type":"ImageObject","inLanguage":"de","@id":"https:\/\/xn--mnnerchor-altschweier-51b.de\/#\/schema\/logo\/image\/","url":"https:\/\/xn--mnnerchor-altschweier-51b.de\/wp-content\/uploads\/2022\/09\/HOMO-mit-Logo.jpg","contentUrl":"https:\/\/xn--mnnerchor-altschweier-51b.de\/wp-content\/uploads\/2022\/09\/HOMO-mit-Logo.jpg","width":1740,"height":1926,"caption":"M\u00e4nnerChor Altschweier"},"image":{"@id":"https:\/\/xn--mnnerchor-altschweier-51b.de\/#\/schema\/logo\/image\/"}}]}},"_links":{"self":[{"href":"https:\/\/xn--mnnerchor-altschweier-51b.de\/index.php\/wp-json\/wp\/v2\/pages\/5422","targetHints":{"allow":["GET"]}}],"collection":[{"href":"https:\/\/xn--mnnerchor-altschweier-51b.de\/index.php\/wp-json\/wp\/v2\/pages"}],"about":[{"href":"https:\/\/xn--mnnerchor-altschweier-51b.de\/index.php\/wp-json\/wp\/v2\/types\/page"}],"author":[{"embeddable":true,"href":"https:\/\/xn--mnnerchor-altschweier-51b.de\/index.php\/wp-json\/wp\/v2\/users\/3"}],"replies":[{"embeddable":true,"href":"https:\/\/xn--mnnerchor-altschweier-51b.de\/index.php\/wp-json\/wp\/v2\/comments?post=5422"}],"version-history":[{"count":18,"href":"https:\/\/xn--mnnerchor-altschweier-51b.de\/index.php\/wp-json\/wp\/v2\/pages\/5422\/revisions"}],"predecessor-version":[{"id":5516,"href":"https:\/\/xn--mnnerchor-altschweier-51b.de\/index.php\/wp-json\/wp\/v2\/pages\/5422\/revisions\/5516"}],"wp:attachment":[{"href":"https:\/\/xn--mnnerchor-altschweier-51b.de\/index.php\/wp-json\/wp\/v2\/media?parent=5422"}],"curies":[{"name":"wp","href":"https:\/\/api.w.org\/{rel}","templated":true}]}}