{"id":5904,"date":"2023-04-20T09:39:16","date_gmt":"2023-04-20T09:39:16","guid":{"rendered":"https:\/\/xn--mnnerchor-altschweier-51b.de\/?page_id=5904"},"modified":"2023-04-20T09:52:34","modified_gmt":"2023-04-20T09:52:34","slug":"zelter-plakette_1966-06-25","status":"publish","type":"page","link":"https:\/\/xn--mnnerchor-altschweier-51b.de\/index.php\/zelter-plakette_1966-06-25\/","title":{"rendered":"Zelter Plakette_1966-06-25"},"content":{"rendered":"\t\t<div data-elementor-type=\"wp-page\" data-elementor-id=\"5904\" class=\"elementor elementor-5904\">\n\t\t\t\t<div class=\"elementor-element elementor-element-15e9d984 e-flex e-con-boxed e-con e-parent\" data-id=\"15e9d984\" data-element_type=\"container\">\n\t\t\t\t\t<div class=\"e-con-inner\">\n\t\t\t\t<div class=\"elementor-element elementor-element-4369b039 elementor-widget elementor-widget-text-editor\" data-id=\"4369b039\" data-element_type=\"widget\" data-widget_type=\"text-editor.default\">\n\t\t\t\t<div class=\"elementor-widget-container\">\n\t\t\t\t\t\t\t\t\t<p><strong><span style=\"color: #000000;\">12. bis 27. Juni 1966<\/span><\/strong><br \/><span style=\"color: #000000;\">Jubil\u00e4umsfeierlichkeiten mit Fahnenweihe &#8222;100 Jahre MGV S\u00e4ngerbund&#8220;.<br \/><\/span><span style=\"color: #000000;\">\u00dcberreichung der Zelter-Plakette<br \/><\/span><\/p>\t\t\t\t\t\t\t\t<\/div>\n\t\t\t\t<\/div>\n\t\t\t\t\t<\/div>\n\t\t\t\t<\/div>\n\t\t<div class=\"elementor-element elementor-element-d0dd94b e-flex e-con-boxed e-con e-parent\" data-id=\"d0dd94b\" data-element_type=\"container\">\n\t\t\t\t\t<div class=\"e-con-inner\">\n\t\t<div class=\"elementor-element elementor-element-4666401 e-con-full e-flex e-con e-parent\" data-id=\"4666401\" data-element_type=\"container\">\n\t\t\t\t<div class=\"elementor-element elementor-element-5a7e95d elementor-widget elementor-widget-image\" data-id=\"5a7e95d\" data-element_type=\"widget\" data-widget_type=\"image.default\">\n\t\t\t\t<div class=\"elementor-widget-container\">\n\t\t\t\t\t\t\t\t\t\t\t\t<figure class=\"wp-caption\">\n\t\t\t\t\t\t\t\t\t\t<img fetchpriority=\"high\" decoding=\"async\" width=\"264\" height=\"300\" src=\"https:\/\/xn--mnnerchor-altschweier-51b.de\/wp-content\/uploads\/2023\/04\/25.06.1966_Zelter-Plakette_Vorderseite-264x300.jpg\" class=\"attachment-medium size-medium wp-image-5906\" alt=\"\" srcset=\"https:\/\/xn--mnnerchor-altschweier-51b.de\/wp-content\/uploads\/2023\/04\/25.06.1966_Zelter-Plakette_Vorderseite-264x300.jpg 264w, https:\/\/xn--mnnerchor-altschweier-51b.de\/wp-content\/uploads\/2023\/04\/25.06.1966_Zelter-Plakette_Vorderseite-901x1024.jpg 901w, https:\/\/xn--mnnerchor-altschweier-51b.de\/wp-content\/uploads\/2023\/04\/25.06.1966_Zelter-Plakette_Vorderseite-768x873.jpg 768w, https:\/\/xn--mnnerchor-altschweier-51b.de\/wp-content\/uploads\/2023\/04\/25.06.1966_Zelter-Plakette_Vorderseite-1352x1536.jpg 1352w, https:\/\/xn--mnnerchor-altschweier-51b.de\/wp-content\/uploads\/2023\/04\/25.06.1966_Zelter-Plakette_Vorderseite.jpg 1776w\" sizes=\"(max-width: 264px) 100vw, 264px\" \/>\t\t\t\t\t\t\t\t\t\t\t<figcaption class=\"widget-image-caption wp-caption-text\">Zelter Plakette_Vorderseite<\/figcaption>\n\t\t\t\t\t\t\t\t\t\t<\/figure>\n\t\t\t\t\t\t\t\t\t<\/div>\n\t\t\t\t<\/div>\n\t\t\t\t<\/div>\n\t\t<div class=\"elementor-element elementor-element-cbd0d3a e-con-full e-flex e-con e-parent\" data-id=\"cbd0d3a\" data-element_type=\"container\">\n\t\t\t\t<div class=\"elementor-element elementor-element-12c7fc4 elementor-widget elementor-widget-image\" data-id=\"12c7fc4\" data-element_type=\"widget\" data-widget_type=\"image.default\">\n\t\t\t\t<div class=\"elementor-widget-container\">\n\t\t\t\t\t\t\t\t\t\t\t\t<figure class=\"wp-caption\">\n\t\t\t\t\t\t\t\t\t\t<img decoding=\"async\" width=\"264\" height=\"300\" src=\"https:\/\/xn--mnnerchor-altschweier-51b.de\/wp-content\/uploads\/2023\/04\/25.06.1966_Zelter-Plakette_Rueckseite-264x300.jpg\" class=\"attachment-medium size-medium wp-image-5907\" alt=\"\" srcset=\"https:\/\/xn--mnnerchor-altschweier-51b.de\/wp-content\/uploads\/2023\/04\/25.06.1966_Zelter-Plakette_Rueckseite-264x300.jpg 264w, https:\/\/xn--mnnerchor-altschweier-51b.de\/wp-content\/uploads\/2023\/04\/25.06.1966_Zelter-Plakette_Rueckseite-902x1024.jpg 902w, https:\/\/xn--mnnerchor-altschweier-51b.de\/wp-content\/uploads\/2023\/04\/25.06.1966_Zelter-Plakette_Rueckseite-768x872.jpg 768w, https:\/\/xn--mnnerchor-altschweier-51b.de\/wp-content\/uploads\/2023\/04\/25.06.1966_Zelter-Plakette_Rueckseite-1353x1536.jpg 1353w, https:\/\/xn--mnnerchor-altschweier-51b.de\/wp-content\/uploads\/2023\/04\/25.06.1966_Zelter-Plakette_Rueckseite.jpg 1726w\" sizes=\"(max-width: 264px) 100vw, 264px\" \/>\t\t\t\t\t\t\t\t\t\t\t<figcaption class=\"widget-image-caption wp-caption-text\">Zelter Plakette_R\u00fcckseite<\/figcaption>\n\t\t\t\t\t\t\t\t\t\t<\/figure>\n\t\t\t\t\t\t\t\t\t<\/div>\n\t\t\t\t<\/div>\n\t\t\t\t<\/div>\n\t\t\t\t\t<\/div>\n\t\t\t\t<\/div>\n\t\t<div class=\"elementor-element elementor-element-7f681332 e-flex e-con-boxed e-con e-parent\" data-id=\"7f681332\" data-element_type=\"container\">\n\t\t\t\t\t<div class=\"e-con-inner\">\n\t\t\t\t<div class=\"elementor-element elementor-element-555df91c elementor-view-default elementor-invisible elementor-widget elementor-widget-icon\" data-id=\"555df91c\" data-element_type=\"widget\" data-settings=\"{&quot;_animation&quot;:&quot;bounce&quot;}\" data-widget_type=\"icon.default\">\n\t\t\t\t<div class=\"elementor-widget-container\">\n\t\t\t\t\t\t\t<div class=\"elementor-icon-wrapper\">\n\t\t\t<a class=\"elementor-icon\" href=\"https:\/\/m%C3%A4nnerchor-altschweier.de\/index.php\/bilder\/\">\n\t\t\t<svg aria-hidden=\"true\" class=\"e-font-icon-svg e-far-arrow-alt-circle-up\" viewBox=\"0 0 512 512\" xmlns=\"http:\/\/www.w3.org\/2000\/svg\"><path d=\"M256 504c137 0 248-111 248-248S393 8 256 8 8 119 8 256s111 248 248 248zm0-448c110.5 0 200 89.5 200 200s-89.5 200-200 200S56 366.5 56 256 145.5 56 256 56zm20 328h-40c-6.6 0-12-5.4-12-12V256h-67c-10.7 0-16-12.9-8.5-20.5l99-99c4.7-4.7 12.3-4.7 17 0l99 99c7.6 7.6 2.2 20.5-8.5 20.5h-67v116c0 6.6-5.4 12-12 12z\"><\/path><\/svg>\t\t\t<\/a>\n\t\t<\/div>\n\t\t\t\t\t\t<\/div>\n\t\t\t\t<\/div>\n\t\t\t\t\t<\/div>\n\t\t\t\t<\/div>\n\t\t\t\t<\/div>\n\t\t","protected":false},"excerpt":{"rendered":"<p>12. bis 27. Juni 1966Jubil\u00e4umsfeierlichkeiten mit Fahnenweihe &#8222;100 Jahre MGV S\u00e4ngerbund&#8220;.\u00dcberreichung der Zelter-Plakette Zelter Plakette_Vorderseite Zelter Plakette_R\u00fcckseite<\/p>\n","protected":false},"author":3,"featured_media":0,"parent":0,"menu_order":0,"comment_status":"closed","ping_status":"closed","template":"","meta":{"footnotes":""},"class_list":["post-5904","page","type-page","status-publish","hentry"],"yoast_head":"<!-- This site is optimized with the Yoast SEO plugin v27.3 - https:\/\/yoast.com\/product\/yoast-seo-wordpress\/ -->\n<title>Zelter Plakette_1966-06-25 - M\u00e4nnerChor Altschweier e.V.<\/title>\n<meta name=\"robots\" content=\"index, follow, max-snippet:-1, max-image-preview:large, max-video-preview:-1\" \/>\n<link rel=\"canonical\" href=\"https:\/\/xn--mnnerchor-altschweier-51b.de\/index.php\/zelter-plakette_1966-06-25\/\" \/>\n<meta property=\"og:locale\" content=\"de_DE\" \/>\n<meta property=\"og:type\" content=\"article\" \/>\n<meta property=\"og:title\" content=\"Zelter Plakette_1966-06-25 - M\u00e4nnerChor Altschweier e.V.\" \/>\n<meta property=\"og:description\" content=\"12. bis 27. Juni 1966Jubil\u00e4umsfeierlichkeiten mit Fahnenweihe &#8222;100 Jahre MGV S\u00e4ngerbund&#8220;.\u00dcberreichung der Zelter-Plakette Zelter Plakette_Vorderseite Zelter Plakette_R\u00fcckseite\" \/>\n<meta property=\"og:url\" content=\"https:\/\/xn--mnnerchor-altschweier-51b.de\/index.php\/zelter-plakette_1966-06-25\/\" \/>\n<meta property=\"og:site_name\" content=\"M\u00e4nnerChor Altschweier e.V.\" \/>\n<meta property=\"article:modified_time\" content=\"2023-04-20T09:52:34+00:00\" \/>\n<meta property=\"og:image\" content=\"https:\/\/xn--mnnerchor-altschweier-51b.de\/wp-content\/uploads\/2023\/04\/25.06.1966_Zelter-Plakette_Vorderseite-264x300.jpg\" \/>\n<meta name=\"twitter:card\" content=\"summary_large_image\" \/>\n<meta name=\"twitter:label1\" content=\"Gesch\u00e4tzte Lesezeit\" \/>\n\t<meta name=\"twitter:data1\" content=\"1\u00a0Minute\" \/>\n<script type=\"application\/ld+json\" class=\"yoast-schema-graph\">{\"@context\":\"https:\\\/\\\/schema.org\",\"@graph\":[{\"@type\":\"WebPage\",\"@id\":\"https:\\\/\\\/xn--mnnerchor-altschweier-51b.de\\\/index.php\\\/zelter-plakette_1966-06-25\\\/\",\"url\":\"https:\\\/\\\/xn--mnnerchor-altschweier-51b.de\\\/index.php\\\/zelter-plakette_1966-06-25\\\/\",\"name\":\"Zelter Plakette_1966-06-25 - M\u00e4nnerChor Altschweier e.V.\",\"isPartOf\":{\"@id\":\"https:\\\/\\\/xn--mnnerchor-altschweier-51b.de\\\/#website\"},\"primaryImageOfPage\":{\"@id\":\"https:\\\/\\\/xn--mnnerchor-altschweier-51b.de\\\/index.php\\\/zelter-plakette_1966-06-25\\\/#primaryimage\"},\"image\":{\"@id\":\"https:\\\/\\\/xn--mnnerchor-altschweier-51b.de\\\/index.php\\\/zelter-plakette_1966-06-25\\\/#primaryimage\"},\"thumbnailUrl\":\"https:\\\/\\\/xn--mnnerchor-altschweier-51b.de\\\/wp-content\\\/uploads\\\/2023\\\/04\\\/25.06.1966_Zelter-Plakette_Vorderseite-264x300.jpg\",\"datePublished\":\"2023-04-20T09:39:16+00:00\",\"dateModified\":\"2023-04-20T09:52:34+00:00\",\"breadcrumb\":{\"@id\":\"https:\\\/\\\/xn--mnnerchor-altschweier-51b.de\\\/index.php\\\/zelter-plakette_1966-06-25\\\/#breadcrumb\"},\"inLanguage\":\"de\",\"potentialAction\":[{\"@type\":\"ReadAction\",\"target\":[\"https:\\\/\\\/xn--mnnerchor-altschweier-51b.de\\\/index.php\\\/zelter-plakette_1966-06-25\\\/\"]}]},{\"@type\":\"ImageObject\",\"inLanguage\":\"de\",\"@id\":\"https:\\\/\\\/xn--mnnerchor-altschweier-51b.de\\\/index.php\\\/zelter-plakette_1966-06-25\\\/#primaryimage\",\"url\":\"https:\\\/\\\/xn--mnnerchor-altschweier-51b.de\\\/wp-content\\\/uploads\\\/2023\\\/04\\\/25.06.1966_Zelter-Plakette_Vorderseite.jpg\",\"contentUrl\":\"https:\\\/\\\/xn--mnnerchor-altschweier-51b.de\\\/wp-content\\\/uploads\\\/2023\\\/04\\\/25.06.1966_Zelter-Plakette_Vorderseite.jpg\",\"width\":1776,\"height\":2018},{\"@type\":\"BreadcrumbList\",\"@id\":\"https:\\\/\\\/xn--mnnerchor-altschweier-51b.de\\\/index.php\\\/zelter-plakette_1966-06-25\\\/#breadcrumb\",\"itemListElement\":[{\"@type\":\"ListItem\",\"position\":1,\"name\":\"Elementor #480\",\"item\":\"https:\\\/\\\/xn--mnnerchor-altschweier-51b.de\\\/\"},{\"@type\":\"ListItem\",\"position\":2,\"name\":\"Zelter Plakette_1966-06-25\"}]},{\"@type\":\"WebSite\",\"@id\":\"https:\\\/\\\/xn--mnnerchor-altschweier-51b.de\\\/#website\",\"url\":\"https:\\\/\\\/xn--mnnerchor-altschweier-51b.de\\\/\",\"name\":\"M\u00e4nnerChor Altschweier e.V.\",\"description\":\"\",\"publisher\":{\"@id\":\"https:\\\/\\\/xn--mnnerchor-altschweier-51b.de\\\/#organization\"},\"potentialAction\":[{\"@type\":\"SearchAction\",\"target\":{\"@type\":\"EntryPoint\",\"urlTemplate\":\"https:\\\/\\\/xn--mnnerchor-altschweier-51b.de\\\/?s={search_term_string}\"},\"query-input\":{\"@type\":\"PropertyValueSpecification\",\"valueRequired\":true,\"valueName\":\"search_term_string\"}}],\"inLanguage\":\"de\"},{\"@type\":\"Organization\",\"@id\":\"https:\\\/\\\/xn--mnnerchor-altschweier-51b.de\\\/#organization\",\"name\":\"M\u00e4nnerChor Altschweier\",\"url\":\"https:\\\/\\\/xn--mnnerchor-altschweier-51b.de\\\/\",\"logo\":{\"@type\":\"ImageObject\",\"inLanguage\":\"de\",\"@id\":\"https:\\\/\\\/xn--mnnerchor-altschweier-51b.de\\\/#\\\/schema\\\/logo\\\/image\\\/\",\"url\":\"https:\\\/\\\/xn--mnnerchor-altschweier-51b.de\\\/wp-content\\\/uploads\\\/2022\\\/09\\\/HOMO-mit-Logo.jpg\",\"contentUrl\":\"https:\\\/\\\/xn--mnnerchor-altschweier-51b.de\\\/wp-content\\\/uploads\\\/2022\\\/09\\\/HOMO-mit-Logo.jpg\",\"width\":1740,\"height\":1926,\"caption\":\"M\u00e4nnerChor Altschweier\"},\"image\":{\"@id\":\"https:\\\/\\\/xn--mnnerchor-altschweier-51b.de\\\/#\\\/schema\\\/logo\\\/image\\\/\"}}]}<\/script>\n<!-- \/ Yoast SEO plugin. -->","yoast_head_json":{"title":"Zelter Plakette_1966-06-25 - M\u00e4nnerChor Altschweier e.V.","robots":{"index":"index","follow":"follow","max-snippet":"max-snippet:-1","max-image-preview":"max-image-preview:large","max-video-preview":"max-video-preview:-1"},"canonical":"https:\/\/xn--mnnerchor-altschweier-51b.de\/index.php\/zelter-plakette_1966-06-25\/","og_locale":"de_DE","og_type":"article","og_title":"Zelter Plakette_1966-06-25 - M\u00e4nnerChor Altschweier e.V.","og_description":"12. bis 27. Juni 1966Jubil\u00e4umsfeierlichkeiten mit Fahnenweihe &#8222;100 Jahre MGV S\u00e4ngerbund&#8220;.\u00dcberreichung der Zelter-Plakette Zelter Plakette_Vorderseite Zelter Plakette_R\u00fcckseite","og_url":"https:\/\/xn--mnnerchor-altschweier-51b.de\/index.php\/zelter-plakette_1966-06-25\/","og_site_name":"M\u00e4nnerChor Altschweier e.V.","article_modified_time":"2023-04-20T09:52:34+00:00","og_image":[{"url":"https:\/\/xn--mnnerchor-altschweier-51b.de\/wp-content\/uploads\/2023\/04\/25.06.1966_Zelter-Plakette_Vorderseite-264x300.jpg","type":"","width":"","height":""}],"twitter_card":"summary_large_image","twitter_misc":{"Gesch\u00e4tzte Lesezeit":"1\u00a0Minute"},"schema":{"@context":"https:\/\/schema.org","@graph":[{"@type":"WebPage","@id":"https:\/\/xn--mnnerchor-altschweier-51b.de\/index.php\/zelter-plakette_1966-06-25\/","url":"https:\/\/xn--mnnerchor-altschweier-51b.de\/index.php\/zelter-plakette_1966-06-25\/","name":"Zelter Plakette_1966-06-25 - M\u00e4nnerChor Altschweier e.V.","isPartOf":{"@id":"https:\/\/xn--mnnerchor-altschweier-51b.de\/#website"},"primaryImageOfPage":{"@id":"https:\/\/xn--mnnerchor-altschweier-51b.de\/index.php\/zelter-plakette_1966-06-25\/#primaryimage"},"image":{"@id":"https:\/\/xn--mnnerchor-altschweier-51b.de\/index.php\/zelter-plakette_1966-06-25\/#primaryimage"},"thumbnailUrl":"https:\/\/xn--mnnerchor-altschweier-51b.de\/wp-content\/uploads\/2023\/04\/25.06.1966_Zelter-Plakette_Vorderseite-264x300.jpg","datePublished":"2023-04-20T09:39:16+00:00","dateModified":"2023-04-20T09:52:34+00:00","breadcrumb":{"@id":"https:\/\/xn--mnnerchor-altschweier-51b.de\/index.php\/zelter-plakette_1966-06-25\/#breadcrumb"},"inLanguage":"de","potentialAction":[{"@type":"ReadAction","target":["https:\/\/xn--mnnerchor-altschweier-51b.de\/index.php\/zelter-plakette_1966-06-25\/"]}]},{"@type":"ImageObject","inLanguage":"de","@id":"https:\/\/xn--mnnerchor-altschweier-51b.de\/index.php\/zelter-plakette_1966-06-25\/#primaryimage","url":"https:\/\/xn--mnnerchor-altschweier-51b.de\/wp-content\/uploads\/2023\/04\/25.06.1966_Zelter-Plakette_Vorderseite.jpg","contentUrl":"https:\/\/xn--mnnerchor-altschweier-51b.de\/wp-content\/uploads\/2023\/04\/25.06.1966_Zelter-Plakette_Vorderseite.jpg","width":1776,"height":2018},{"@type":"BreadcrumbList","@id":"https:\/\/xn--mnnerchor-altschweier-51b.de\/index.php\/zelter-plakette_1966-06-25\/#breadcrumb","itemListElement":[{"@type":"ListItem","position":1,"name":"Elementor #480","item":"https:\/\/xn--mnnerchor-altschweier-51b.de\/"},{"@type":"ListItem","position":2,"name":"Zelter Plakette_1966-06-25"}]},{"@type":"WebSite","@id":"https:\/\/xn--mnnerchor-altschweier-51b.de\/#website","url":"https:\/\/xn--mnnerchor-altschweier-51b.de\/","name":"M\u00e4nnerChor Altschweier e.V.","description":"","publisher":{"@id":"https:\/\/xn--mnnerchor-altschweier-51b.de\/#organization"},"potentialAction":[{"@type":"SearchAction","target":{"@type":"EntryPoint","urlTemplate":"https:\/\/xn--mnnerchor-altschweier-51b.de\/?s={search_term_string}"},"query-input":{"@type":"PropertyValueSpecification","valueRequired":true,"valueName":"search_term_string"}}],"inLanguage":"de"},{"@type":"Organization","@id":"https:\/\/xn--mnnerchor-altschweier-51b.de\/#organization","name":"M\u00e4nnerChor Altschweier","url":"https:\/\/xn--mnnerchor-altschweier-51b.de\/","logo":{"@type":"ImageObject","inLanguage":"de","@id":"https:\/\/xn--mnnerchor-altschweier-51b.de\/#\/schema\/logo\/image\/","url":"https:\/\/xn--mnnerchor-altschweier-51b.de\/wp-content\/uploads\/2022\/09\/HOMO-mit-Logo.jpg","contentUrl":"https:\/\/xn--mnnerchor-altschweier-51b.de\/wp-content\/uploads\/2022\/09\/HOMO-mit-Logo.jpg","width":1740,"height":1926,"caption":"M\u00e4nnerChor Altschweier"},"image":{"@id":"https:\/\/xn--mnnerchor-altschweier-51b.de\/#\/schema\/logo\/image\/"}}]}},"_links":{"self":[{"href":"https:\/\/xn--mnnerchor-altschweier-51b.de\/index.php\/wp-json\/wp\/v2\/pages\/5904","targetHints":{"allow":["GET"]}}],"collection":[{"href":"https:\/\/xn--mnnerchor-altschweier-51b.de\/index.php\/wp-json\/wp\/v2\/pages"}],"about":[{"href":"https:\/\/xn--mnnerchor-altschweier-51b.de\/index.php\/wp-json\/wp\/v2\/types\/page"}],"author":[{"embeddable":true,"href":"https:\/\/xn--mnnerchor-altschweier-51b.de\/index.php\/wp-json\/wp\/v2\/users\/3"}],"replies":[{"embeddable":true,"href":"https:\/\/xn--mnnerchor-altschweier-51b.de\/index.php\/wp-json\/wp\/v2\/comments?post=5904"}],"version-history":[{"count":16,"href":"https:\/\/xn--mnnerchor-altschweier-51b.de\/index.php\/wp-json\/wp\/v2\/pages\/5904\/revisions"}],"predecessor-version":[{"id":5924,"href":"https:\/\/xn--mnnerchor-altschweier-51b.de\/index.php\/wp-json\/wp\/v2\/pages\/5904\/revisions\/5924"}],"wp:attachment":[{"href":"https:\/\/xn--mnnerchor-altschweier-51b.de\/index.php\/wp-json\/wp\/v2\/media?parent=5904"}],"curies":[{"name":"wp","href":"https:\/\/api.w.org\/{rel}","templated":true}]}}