{"id":6885,"date":"2024-01-15T18:35:16","date_gmt":"2024-01-15T18:35:16","guid":{"rendered":"https:\/\/xn--mnnerchor-altschweier-51b.de\/?page_id=6885"},"modified":"2024-01-15T18:55:13","modified_gmt":"2024-01-15T18:55:13","slug":"msk-ehrungen-2023-in-der-fremersberghalle-sinzheim","status":"publish","type":"page","link":"https:\/\/xn--mnnerchor-altschweier-51b.de\/index.php\/msk-ehrungen-2023-in-der-fremersberghalle-sinzheim\/","title":{"rendered":"MSK, Ehrungen 2023 in der Fremersberghalle, Sinzheim"},"content":{"rendered":"\t\t<div data-elementor-type=\"wp-page\" data-elementor-id=\"6885\" class=\"elementor elementor-6885\">\n\t\t\t\t<div class=\"elementor-element elementor-element-3362c226 e-flex e-con-boxed e-con e-parent\" data-id=\"3362c226\" data-element_type=\"container\">\n\t\t\t\t\t<div class=\"e-con-inner\">\n\t\t\t\t<div class=\"elementor-element elementor-element-15f90d71 elementor-widget elementor-widget-text-editor\" data-id=\"15f90d71\" data-element_type=\"widget\" data-widget_type=\"text-editor.default\">\n\t\t\t\t<div class=\"elementor-widget-container\">\n\t\t\t\t\t\t\t\t\t<p style=\"text-align: center;\"><strong><span style=\"color: #000000;\">MSK &#8211; Ehrungen 2023<\/span><br \/><\/strong><span style=\"color: #000000;\">Am 22.10.2023 werden f\u00fcnf S\u00e4nger von uns auf der zentralen Ehrungsveranstaltung<br \/>in der Fremersberghalle in Sinzheim geehrt.<br \/>\u00a9 WWB<br \/><\/span><\/p>\t\t\t\t\t\t\t\t<\/div>\n\t\t\t\t<\/div>\n\t\t\t\t\t<\/div>\n\t\t\t\t<\/div>\n\t\t<div class=\"elementor-element elementor-element-747e8c8d e-flex e-con-boxed e-con e-parent\" data-id=\"747e8c8d\" data-element_type=\"container\">\n\t\t\t\t\t<div class=\"e-con-inner\">\n\t\t\t\t\t<\/div>\n\t\t\t\t<\/div>\n\t\t<div class=\"elementor-element elementor-element-28323bf3 e-flex e-con-boxed e-con e-parent\" data-id=\"28323bf3\" data-element_type=\"container\">\n\t\t\t\t\t<div class=\"e-con-inner\">\n\t\t\t\t<div class=\"elementor-element elementor-element-5ddd2215 elementor-view-default elementor-invisible elementor-widget elementor-widget-icon\" data-id=\"5ddd2215\" data-element_type=\"widget\" data-settings=\"{&quot;_animation&quot;:&quot;bounce&quot;}\" data-widget_type=\"icon.default\">\n\t\t\t\t<div class=\"elementor-widget-container\">\n\t\t\t\t\t\t\t<div class=\"elementor-icon-wrapper\">\n\t\t\t<a class=\"elementor-icon\" href=\"https:\/\/m%C3%A4nnerchor-altschweier.de\/index.php\/bilder\/\">\n\t\t\t<svg aria-hidden=\"true\" class=\"e-font-icon-svg e-far-arrow-alt-circle-up\" viewBox=\"0 0 512 512\" xmlns=\"http:\/\/www.w3.org\/2000\/svg\"><path d=\"M256 504c137 0 248-111 248-248S393 8 256 8 8 119 8 256s111 248 248 248zm0-448c110.5 0 200 89.5 200 200s-89.5 200-200 200S56 366.5 56 256 145.5 56 256 56zm20 328h-40c-6.6 0-12-5.4-12-12V256h-67c-10.7 0-16-12.9-8.5-20.5l99-99c4.7-4.7 12.3-4.7 17 0l99 99c7.6 7.6 2.2 20.5-8.5 20.5h-67v116c0 6.6-5.4 12-12 12z\"><\/path><\/svg>\t\t\t<\/a>\n\t\t<\/div>\n\t\t\t\t\t\t<\/div>\n\t\t\t\t<\/div>\n\t\t\t\t\t<\/div>\n\t\t\t\t<\/div>\n\t\t\t\t<\/div>\n\t\t","protected":false},"excerpt":{"rendered":"<p>MSK &#8211; Ehrungen 2023Am 22.10.2023 werden f\u00fcnf S\u00e4nger von uns auf der zentralen Ehrungsveranstaltungin der Fremersberghalle in Sinzheim geehrt.\u00a9 WWB<\/p>\n","protected":false},"author":3,"featured_media":0,"parent":0,"menu_order":0,"comment_status":"closed","ping_status":"closed","template":"","meta":{"footnotes":""},"class_list":["post-6885","page","type-page","status-publish","hentry"],"yoast_head":"<!-- This site is optimized with the Yoast SEO plugin v27.3 - https:\/\/yoast.com\/product\/yoast-seo-wordpress\/ -->\n<title>MSK, Ehrungen 2023 in der Fremersberghalle, Sinzheim - M\u00e4nnerChor Altschweier e.V.<\/title>\n<meta name=\"robots\" content=\"index, follow, max-snippet:-1, max-image-preview:large, max-video-preview:-1\" \/>\n<link rel=\"canonical\" href=\"https:\/\/xn--mnnerchor-altschweier-51b.de\/index.php\/msk-ehrungen-2023-in-der-fremersberghalle-sinzheim\/\" \/>\n<meta property=\"og:locale\" content=\"de_DE\" \/>\n<meta property=\"og:type\" content=\"article\" \/>\n<meta property=\"og:title\" content=\"MSK, Ehrungen 2023 in der Fremersberghalle, Sinzheim - M\u00e4nnerChor Altschweier e.V.\" \/>\n<meta property=\"og:description\" content=\"MSK &#8211; Ehrungen 2023Am 22.10.2023 werden f\u00fcnf S\u00e4nger von uns auf der zentralen Ehrungsveranstaltungin der Fremersberghalle in Sinzheim geehrt.\u00a9 WWB\" \/>\n<meta property=\"og:url\" content=\"https:\/\/xn--mnnerchor-altschweier-51b.de\/index.php\/msk-ehrungen-2023-in-der-fremersberghalle-sinzheim\/\" \/>\n<meta property=\"og:site_name\" content=\"M\u00e4nnerChor Altschweier e.V.\" \/>\n<meta property=\"article:modified_time\" content=\"2024-01-15T18:55:13+00:00\" \/>\n<meta name=\"twitter:card\" content=\"summary_large_image\" \/>\n<meta name=\"twitter:label1\" content=\"Gesch\u00e4tzte Lesezeit\" \/>\n\t<meta name=\"twitter:data1\" content=\"1\u00a0Minute\" \/>\n<script type=\"application\/ld+json\" class=\"yoast-schema-graph\">{\"@context\":\"https:\\\/\\\/schema.org\",\"@graph\":[{\"@type\":\"WebPage\",\"@id\":\"https:\\\/\\\/xn--mnnerchor-altschweier-51b.de\\\/index.php\\\/msk-ehrungen-2023-in-der-fremersberghalle-sinzheim\\\/\",\"url\":\"https:\\\/\\\/xn--mnnerchor-altschweier-51b.de\\\/index.php\\\/msk-ehrungen-2023-in-der-fremersberghalle-sinzheim\\\/\",\"name\":\"MSK, Ehrungen 2023 in der Fremersberghalle, Sinzheim - M\u00e4nnerChor Altschweier e.V.\",\"isPartOf\":{\"@id\":\"https:\\\/\\\/xn--mnnerchor-altschweier-51b.de\\\/#website\"},\"datePublished\":\"2024-01-15T18:35:16+00:00\",\"dateModified\":\"2024-01-15T18:55:13+00:00\",\"breadcrumb\":{\"@id\":\"https:\\\/\\\/xn--mnnerchor-altschweier-51b.de\\\/index.php\\\/msk-ehrungen-2023-in-der-fremersberghalle-sinzheim\\\/#breadcrumb\"},\"inLanguage\":\"de\",\"potentialAction\":[{\"@type\":\"ReadAction\",\"target\":[\"https:\\\/\\\/xn--mnnerchor-altschweier-51b.de\\\/index.php\\\/msk-ehrungen-2023-in-der-fremersberghalle-sinzheim\\\/\"]}]},{\"@type\":\"BreadcrumbList\",\"@id\":\"https:\\\/\\\/xn--mnnerchor-altschweier-51b.de\\\/index.php\\\/msk-ehrungen-2023-in-der-fremersberghalle-sinzheim\\\/#breadcrumb\",\"itemListElement\":[{\"@type\":\"ListItem\",\"position\":1,\"name\":\"Elementor #480\",\"item\":\"https:\\\/\\\/xn--mnnerchor-altschweier-51b.de\\\/\"},{\"@type\":\"ListItem\",\"position\":2,\"name\":\"MSK, Ehrungen 2023 in der Fremersberghalle, Sinzheim\"}]},{\"@type\":\"WebSite\",\"@id\":\"https:\\\/\\\/xn--mnnerchor-altschweier-51b.de\\\/#website\",\"url\":\"https:\\\/\\\/xn--mnnerchor-altschweier-51b.de\\\/\",\"name\":\"M\u00e4nnerChor Altschweier e.V.\",\"description\":\"\",\"publisher\":{\"@id\":\"https:\\\/\\\/xn--mnnerchor-altschweier-51b.de\\\/#organization\"},\"potentialAction\":[{\"@type\":\"SearchAction\",\"target\":{\"@type\":\"EntryPoint\",\"urlTemplate\":\"https:\\\/\\\/xn--mnnerchor-altschweier-51b.de\\\/?s={search_term_string}\"},\"query-input\":{\"@type\":\"PropertyValueSpecification\",\"valueRequired\":true,\"valueName\":\"search_term_string\"}}],\"inLanguage\":\"de\"},{\"@type\":\"Organization\",\"@id\":\"https:\\\/\\\/xn--mnnerchor-altschweier-51b.de\\\/#organization\",\"name\":\"M\u00e4nnerChor Altschweier\",\"url\":\"https:\\\/\\\/xn--mnnerchor-altschweier-51b.de\\\/\",\"logo\":{\"@type\":\"ImageObject\",\"inLanguage\":\"de\",\"@id\":\"https:\\\/\\\/xn--mnnerchor-altschweier-51b.de\\\/#\\\/schema\\\/logo\\\/image\\\/\",\"url\":\"https:\\\/\\\/xn--mnnerchor-altschweier-51b.de\\\/wp-content\\\/uploads\\\/2022\\\/09\\\/HOMO-mit-Logo.jpg\",\"contentUrl\":\"https:\\\/\\\/xn--mnnerchor-altschweier-51b.de\\\/wp-content\\\/uploads\\\/2022\\\/09\\\/HOMO-mit-Logo.jpg\",\"width\":1740,\"height\":1926,\"caption\":\"M\u00e4nnerChor Altschweier\"},\"image\":{\"@id\":\"https:\\\/\\\/xn--mnnerchor-altschweier-51b.de\\\/#\\\/schema\\\/logo\\\/image\\\/\"}}]}<\/script>\n<!-- \/ Yoast SEO plugin. -->","yoast_head_json":{"title":"MSK, Ehrungen 2023 in der Fremersberghalle, Sinzheim - M\u00e4nnerChor Altschweier e.V.","robots":{"index":"index","follow":"follow","max-snippet":"max-snippet:-1","max-image-preview":"max-image-preview:large","max-video-preview":"max-video-preview:-1"},"canonical":"https:\/\/xn--mnnerchor-altschweier-51b.de\/index.php\/msk-ehrungen-2023-in-der-fremersberghalle-sinzheim\/","og_locale":"de_DE","og_type":"article","og_title":"MSK, Ehrungen 2023 in der Fremersberghalle, Sinzheim - M\u00e4nnerChor Altschweier e.V.","og_description":"MSK &#8211; Ehrungen 2023Am 22.10.2023 werden f\u00fcnf S\u00e4nger von uns auf der zentralen Ehrungsveranstaltungin der Fremersberghalle in Sinzheim geehrt.\u00a9 WWB","og_url":"https:\/\/xn--mnnerchor-altschweier-51b.de\/index.php\/msk-ehrungen-2023-in-der-fremersberghalle-sinzheim\/","og_site_name":"M\u00e4nnerChor Altschweier e.V.","article_modified_time":"2024-01-15T18:55:13+00:00","twitter_card":"summary_large_image","twitter_misc":{"Gesch\u00e4tzte Lesezeit":"1\u00a0Minute"},"schema":{"@context":"https:\/\/schema.org","@graph":[{"@type":"WebPage","@id":"https:\/\/xn--mnnerchor-altschweier-51b.de\/index.php\/msk-ehrungen-2023-in-der-fremersberghalle-sinzheim\/","url":"https:\/\/xn--mnnerchor-altschweier-51b.de\/index.php\/msk-ehrungen-2023-in-der-fremersberghalle-sinzheim\/","name":"MSK, Ehrungen 2023 in der Fremersberghalle, Sinzheim - M\u00e4nnerChor Altschweier e.V.","isPartOf":{"@id":"https:\/\/xn--mnnerchor-altschweier-51b.de\/#website"},"datePublished":"2024-01-15T18:35:16+00:00","dateModified":"2024-01-15T18:55:13+00:00","breadcrumb":{"@id":"https:\/\/xn--mnnerchor-altschweier-51b.de\/index.php\/msk-ehrungen-2023-in-der-fremersberghalle-sinzheim\/#breadcrumb"},"inLanguage":"de","potentialAction":[{"@type":"ReadAction","target":["https:\/\/xn--mnnerchor-altschweier-51b.de\/index.php\/msk-ehrungen-2023-in-der-fremersberghalle-sinzheim\/"]}]},{"@type":"BreadcrumbList","@id":"https:\/\/xn--mnnerchor-altschweier-51b.de\/index.php\/msk-ehrungen-2023-in-der-fremersberghalle-sinzheim\/#breadcrumb","itemListElement":[{"@type":"ListItem","position":1,"name":"Elementor #480","item":"https:\/\/xn--mnnerchor-altschweier-51b.de\/"},{"@type":"ListItem","position":2,"name":"MSK, Ehrungen 2023 in der Fremersberghalle, Sinzheim"}]},{"@type":"WebSite","@id":"https:\/\/xn--mnnerchor-altschweier-51b.de\/#website","url":"https:\/\/xn--mnnerchor-altschweier-51b.de\/","name":"M\u00e4nnerChor Altschweier e.V.","description":"","publisher":{"@id":"https:\/\/xn--mnnerchor-altschweier-51b.de\/#organization"},"potentialAction":[{"@type":"SearchAction","target":{"@type":"EntryPoint","urlTemplate":"https:\/\/xn--mnnerchor-altschweier-51b.de\/?s={search_term_string}"},"query-input":{"@type":"PropertyValueSpecification","valueRequired":true,"valueName":"search_term_string"}}],"inLanguage":"de"},{"@type":"Organization","@id":"https:\/\/xn--mnnerchor-altschweier-51b.de\/#organization","name":"M\u00e4nnerChor Altschweier","url":"https:\/\/xn--mnnerchor-altschweier-51b.de\/","logo":{"@type":"ImageObject","inLanguage":"de","@id":"https:\/\/xn--mnnerchor-altschweier-51b.de\/#\/schema\/logo\/image\/","url":"https:\/\/xn--mnnerchor-altschweier-51b.de\/wp-content\/uploads\/2022\/09\/HOMO-mit-Logo.jpg","contentUrl":"https:\/\/xn--mnnerchor-altschweier-51b.de\/wp-content\/uploads\/2022\/09\/HOMO-mit-Logo.jpg","width":1740,"height":1926,"caption":"M\u00e4nnerChor Altschweier"},"image":{"@id":"https:\/\/xn--mnnerchor-altschweier-51b.de\/#\/schema\/logo\/image\/"}}]}},"_links":{"self":[{"href":"https:\/\/xn--mnnerchor-altschweier-51b.de\/index.php\/wp-json\/wp\/v2\/pages\/6885","targetHints":{"allow":["GET"]}}],"collection":[{"href":"https:\/\/xn--mnnerchor-altschweier-51b.de\/index.php\/wp-json\/wp\/v2\/pages"}],"about":[{"href":"https:\/\/xn--mnnerchor-altschweier-51b.de\/index.php\/wp-json\/wp\/v2\/types\/page"}],"author":[{"embeddable":true,"href":"https:\/\/xn--mnnerchor-altschweier-51b.de\/index.php\/wp-json\/wp\/v2\/users\/3"}],"replies":[{"embeddable":true,"href":"https:\/\/xn--mnnerchor-altschweier-51b.de\/index.php\/wp-json\/wp\/v2\/comments?post=6885"}],"version-history":[{"count":10,"href":"https:\/\/xn--mnnerchor-altschweier-51b.de\/index.php\/wp-json\/wp\/v2\/pages\/6885\/revisions"}],"predecessor-version":[{"id":6906,"href":"https:\/\/xn--mnnerchor-altschweier-51b.de\/index.php\/wp-json\/wp\/v2\/pages\/6885\/revisions\/6906"}],"wp:attachment":[{"href":"https:\/\/xn--mnnerchor-altschweier-51b.de\/index.php\/wp-json\/wp\/v2\/media?parent=6885"}],"curies":[{"name":"wp","href":"https:\/\/api.w.org\/{rel}","templated":true}]}}